{"id":307,"date":"2025-04-25T09:47:21","date_gmt":"2025-04-25T09:47:21","guid":{"rendered":"https:\/\/laroutedupropre.com\/?page_id=307"},"modified":"2025-04-29T09:25:28","modified_gmt":"2025-04-29T09:25:28","slug":"mobilier","status":"publish","type":"page","link":"https:\/\/laroutedupropre.com\/?page_id=307","title":{"rendered":"Formules mobilier"},"content":{"rendered":"\t\t<div data-elementor-type=\"wp-page\" data-elementor-id=\"307\" class=\"elementor elementor-307\">\n\t\t\t\t<div class=\"elementor-element elementor-element-866255c e-flex e-con-boxed e-con e-parent\" data-id=\"866255c\" data-element_type=\"container\" data-settings=\"{&quot;background_background&quot;:&quot;classic&quot;}\">\n\t\t\t\t\t<div class=\"e-con-inner\">\n\t\t\t\t<div class=\"elementor-element elementor-element-797d492 e-transform elementor-widget elementor-widget-heading\" data-id=\"797d492\" data-element_type=\"widget\" data-settings=\"{&quot;_transform_translateY_effect&quot;:{&quot;unit&quot;:&quot;px&quot;,&quot;size&quot;:63,&quot;sizes&quot;:[]},&quot;_transform_translateX_effect&quot;:{&quot;unit&quot;:&quot;px&quot;,&quot;size&quot;:&quot;&quot;,&quot;sizes&quot;:[]},&quot;_transform_translateX_effect_tablet&quot;:{&quot;unit&quot;:&quot;px&quot;,&quot;size&quot;:&quot;&quot;,&quot;sizes&quot;:[]},&quot;_transform_translateX_effect_mobile&quot;:{&quot;unit&quot;:&quot;px&quot;,&quot;size&quot;:&quot;&quot;,&quot;sizes&quot;:[]},&quot;_transform_translateY_effect_tablet&quot;:{&quot;unit&quot;:&quot;px&quot;,&quot;size&quot;:&quot;&quot;,&quot;sizes&quot;:[]},&quot;_transform_translateY_effect_mobile&quot;:{&quot;unit&quot;:&quot;px&quot;,&quot;size&quot;:&quot;&quot;,&quot;sizes&quot;:[]}}\" data-widget_type=\"heading.default\">\n\t\t\t\t<div class=\"elementor-widget-container\">\n\t\t\t\t\t<h1 class=\"elementor-heading-title elementor-size-default\">Mobilier <\/h1>\t\t\t\t<\/div>\n\t\t\t\t<\/div>\n\t\t\t\t<div class=\"elementor-element elementor-element-74fb231 e-transform elementor-widget elementor-widget-text-editor\" data-id=\"74fb231\" data-element_type=\"widget\" data-settings=\"{&quot;_transform_translateY_effect&quot;:{&quot;unit&quot;:&quot;px&quot;,&quot;size&quot;:42,&quot;sizes&quot;:[]},&quot;_transform_translateX_effect&quot;:{&quot;unit&quot;:&quot;px&quot;,&quot;size&quot;:&quot;&quot;,&quot;sizes&quot;:[]},&quot;_transform_translateX_effect_tablet&quot;:{&quot;unit&quot;:&quot;px&quot;,&quot;size&quot;:&quot;&quot;,&quot;sizes&quot;:[]},&quot;_transform_translateX_effect_mobile&quot;:{&quot;unit&quot;:&quot;px&quot;,&quot;size&quot;:&quot;&quot;,&quot;sizes&quot;:[]},&quot;_transform_translateY_effect_tablet&quot;:{&quot;unit&quot;:&quot;px&quot;,&quot;size&quot;:&quot;&quot;,&quot;sizes&quot;:[]},&quot;_transform_translateY_effect_mobile&quot;:{&quot;unit&quot;:&quot;px&quot;,&quot;size&quot;:&quot;&quot;,&quot;sizes&quot;:[]}}\" data-widget_type=\"text-editor.default\">\n\t\t\t\t<div class=\"elementor-widget-container\">\n\t\t\t\t\t\t\t\t\t<p>Faites de votre habitation un lieu agr\u00e9able \u00e0 vivre\u00a0<\/p>\t\t\t\t\t\t\t\t<\/div>\n\t\t\t\t<\/div>\n\t\t\t\t\t<\/div>\n\t\t\t\t<\/div>\n\t\t<div class=\"elementor-element elementor-element-35cca86 e-flex e-con-boxed e-con e-parent\" data-id=\"35cca86\" data-element_type=\"container\">\n\t\t\t\t\t<div class=\"e-con-inner\">\n\t\t<div class=\"elementor-element elementor-element-7f289c7 e-con-full e-flex e-con e-child\" data-id=\"7f289c7\" data-element_type=\"container\">\n\t\t<div class=\"elementor-element elementor-element-8f0e838 e-con-full e-flex e-con e-child\" data-id=\"8f0e838\" data-element_type=\"container\">\n\t\t\t\t<div class=\"elementor-element elementor-element-895216f elementor-widget elementor-widget-image\" data-id=\"895216f\" data-element_type=\"widget\" data-widget_type=\"image.default\">\n\t\t\t\t<div class=\"elementor-widget-container\">\n\t\t\t\t\t\t\t\t\t\t\t\t\t\t\t<img fetchpriority=\"high\" decoding=\"async\" width=\"2560\" height=\"1792\" src=\"https:\/\/laroutedupropre.com\/wp-content\/uploads\/2025\/04\/gray-sofa-white-living-room-scaled.jpg\" class=\"attachment-full size-full wp-image-310\" alt=\"\" srcset=\"https:\/\/laroutedupropre.com\/wp-content\/uploads\/2025\/04\/gray-sofa-white-living-room-scaled.jpg 2560w, https:\/\/laroutedupropre.com\/wp-content\/uploads\/2025\/04\/gray-sofa-white-living-room-300x210.jpg 300w, https:\/\/laroutedupropre.com\/wp-content\/uploads\/2025\/04\/gray-sofa-white-living-room-1024x717.jpg 1024w, https:\/\/laroutedupropre.com\/wp-content\/uploads\/2025\/04\/gray-sofa-white-living-room-768x538.jpg 768w, https:\/\/laroutedupropre.com\/wp-content\/uploads\/2025\/04\/gray-sofa-white-living-room-1536x1075.jpg 1536w, https:\/\/laroutedupropre.com\/wp-content\/uploads\/2025\/04\/gray-sofa-white-living-room-2048x1434.jpg 2048w\" sizes=\"(max-width: 2560px) 100vw, 2560px\" \/>\t\t\t\t\t\t\t\t\t\t\t\t\t\t\t<\/div>\n\t\t\t\t<\/div>\n\t\t\t\t<\/div>\n\t\t<div class=\"elementor-element elementor-element-1615ea2 e-con-full e-flex e-con e-child\" data-id=\"1615ea2\" data-element_type=\"container\">\n\t\t\t\t<div class=\"elementor-element elementor-element-b03f5e5 elementor-widget elementor-widget-heading\" data-id=\"b03f5e5\" data-element_type=\"widget\" data-widget_type=\"heading.default\">\n\t\t\t\t<div class=\"elementor-widget-container\">\n\t\t\t\t\t<h2 class=\"elementor-heading-title elementor-size-default\">Canap\u00e9 <\/h2>\t\t\t\t<\/div>\n\t\t\t\t<\/div>\n\t\t\t\t<div class=\"elementor-element elementor-element-bc134c3 elementor-widget elementor-widget-text-editor\" data-id=\"bc134c3\" data-element_type=\"widget\" data-widget_type=\"text-editor.default\">\n\t\t\t\t<div class=\"elementor-widget-container\">\n\t\t\t\t\t\t\t\t\t<p>Les canap\u00e9s accumulent poussi\u00e8res, acariens, taches, odeurs, poils d\u2019animaux, etc. Un professionnel utilise des machines sp\u00e9cifiques.<\/p><p>Faire nettoyer son canap\u00e9 par un professionnel, c\u2019est investir dans la <strong data-start=\"1984\" data-end=\"2021\">propret\u00e9, la sant\u00e9, la durabilit\u00e9<\/strong> de votre mobilier et le <strong data-start=\"2046\" data-end=\"2059\">bien-\u00eatre<\/strong> de toute la maison.<\/p><p>\u00a0<\/p>\t\t\t\t\t\t\t\t<\/div>\n\t\t\t\t<\/div>\n\t\t\t\t<div class=\"elementor-element elementor-element-bbfe6f6 elementor-widget elementor-widget-button\" data-id=\"bbfe6f6\" data-element_type=\"widget\" data-widget_type=\"button.default\">\n\t\t\t\t<div class=\"elementor-widget-container\">\n\t\t\t\t\t\t\t\t\t<div class=\"elementor-button-wrapper\">\n\t\t\t\t\t<a class=\"elementor-button elementor-button-link elementor-size-sm\" href=\"https:\/\/laroutedupropre.com\/?page_id=330\">\n\t\t\t\t\t\t<span class=\"elementor-button-content-wrapper\">\n\t\t\t\t\t\t\t\t\t<span class=\"elementor-button-text\">D\u00e9couvrir nos tarifs <\/span>\n\t\t\t\t\t<\/span>\n\t\t\t\t\t<\/a>\n\t\t\t\t<\/div>\n\t\t\t\t\t\t\t\t<\/div>\n\t\t\t\t<\/div>\n\t\t\t\t<\/div>\n\t\t\t\t<\/div>\n\t\t<div class=\"elementor-element elementor-element-e0665dc e-con-full e-flex e-con e-child\" data-id=\"e0665dc\" data-element_type=\"container\">\n\t\t<div class=\"elementor-element elementor-element-81fe47b e-con-full e-flex e-con e-child\" data-id=\"81fe47b\" data-element_type=\"container\">\n\t\t\t\t<div class=\"elementor-element elementor-element-717da22 elementor-widget elementor-widget-image\" data-id=\"717da22\" data-element_type=\"widget\" data-widget_type=\"image.default\">\n\t\t\t\t<div class=\"elementor-widget-container\">\n\t\t\t\t\t\t\t\t\t\t\t\t\t\t\t<img decoding=\"async\" width=\"2560\" height=\"1709\" src=\"https:\/\/laroutedupropre.com\/wp-content\/uploads\/2025\/04\/closeup-vacuum-cleaner-living-room-scaled.jpg\" class=\"attachment-full size-full wp-image-311\" alt=\"\" srcset=\"https:\/\/laroutedupropre.com\/wp-content\/uploads\/2025\/04\/closeup-vacuum-cleaner-living-room-scaled.jpg 2560w, https:\/\/laroutedupropre.com\/wp-content\/uploads\/2025\/04\/closeup-vacuum-cleaner-living-room-300x200.jpg 300w, https:\/\/laroutedupropre.com\/wp-content\/uploads\/2025\/04\/closeup-vacuum-cleaner-living-room-1024x683.jpg 1024w, https:\/\/laroutedupropre.com\/wp-content\/uploads\/2025\/04\/closeup-vacuum-cleaner-living-room-768x513.jpg 768w, https:\/\/laroutedupropre.com\/wp-content\/uploads\/2025\/04\/closeup-vacuum-cleaner-living-room-1536x1025.jpg 1536w, https:\/\/laroutedupropre.com\/wp-content\/uploads\/2025\/04\/closeup-vacuum-cleaner-living-room-2048x1367.jpg 2048w\" sizes=\"(max-width: 2560px) 100vw, 2560px\" \/>\t\t\t\t\t\t\t\t\t\t\t\t\t\t\t<\/div>\n\t\t\t\t<\/div>\n\t\t\t\t<\/div>\n\t\t<div class=\"elementor-element elementor-element-0f180bf e-con-full e-flex e-con e-child\" data-id=\"0f180bf\" data-element_type=\"container\">\n\t\t\t\t<div class=\"elementor-element elementor-element-08aa32e elementor-widget elementor-widget-heading\" data-id=\"08aa32e\" data-element_type=\"widget\" data-widget_type=\"heading.default\">\n\t\t\t\t<div class=\"elementor-widget-container\">\n\t\t\t\t\t<h2 class=\"elementor-heading-title elementor-size-default\">Tapis <\/h2>\t\t\t\t<\/div>\n\t\t\t\t<\/div>\n\t\t\t\t<div class=\"elementor-element elementor-element-64b23cc elementor-widget elementor-widget-text-editor\" data-id=\"64b23cc\" data-element_type=\"widget\" data-widget_type=\"text-editor.default\">\n\t\t\t\t<div class=\"elementor-widget-container\">\n\t\t\t\t\t\t\t\t\t<p>Nettoyer un tapis, c\u2019est long, fatiguant\u2026 et pas toujours concluant.<br \/>Nous nous occupons de tout, efficacement.<br \/>Les tapis peuvent \u00eatre de v\u00e9ritables nids \u00e0 allerg\u00e8nes. Un bon nettoyage pro \u00e9limine bact\u00e9ries, acariens et autres ind\u00e9sirables c&rsquo;est essentiel pour les<strong> personnes allergiques<\/strong>, les <strong>enfants en bas \u00e2ge<\/strong> ou les <strong>animaux domestiques<\/strong>.<\/p>\t\t\t\t\t\t\t\t<\/div>\n\t\t\t\t<\/div>\n\t\t\t\t<div class=\"elementor-element elementor-element-6c2d920 elementor-widget elementor-widget-button\" data-id=\"6c2d920\" data-element_type=\"widget\" data-widget_type=\"button.default\">\n\t\t\t\t<div class=\"elementor-widget-container\">\n\t\t\t\t\t\t\t\t\t<div class=\"elementor-button-wrapper\">\n\t\t\t\t\t<a class=\"elementor-button elementor-button-link elementor-size-sm\" href=\"https:\/\/laroutedupropre.com\/?page_id=330\">\n\t\t\t\t\t\t<span class=\"elementor-button-content-wrapper\">\n\t\t\t\t\t\t\t\t\t<span class=\"elementor-button-text\">D\u00e9couvrir nos tarifs<\/span>\n\t\t\t\t\t<\/span>\n\t\t\t\t\t<\/a>\n\t\t\t\t<\/div>\n\t\t\t\t\t\t\t\t<\/div>\n\t\t\t\t<\/div>\n\t\t\t\t<\/div>\n\t\t\t\t<\/div>\n\t\t<div class=\"elementor-element elementor-element-2fc0904 e-con-full e-flex e-con e-child\" data-id=\"2fc0904\" data-element_type=\"container\">\n\t\t<div class=\"elementor-element elementor-element-9920cdb e-con-full e-flex e-con e-child\" data-id=\"9920cdb\" data-element_type=\"container\">\n\t\t\t\t<div class=\"elementor-element elementor-element-fbc5609 elementor-widget elementor-widget-image\" data-id=\"fbc5609\" data-element_type=\"widget\" data-widget_type=\"image.default\">\n\t\t\t\t<div class=\"elementor-widget-container\">\n\t\t\t\t\t\t\t\t\t\t\t\t\t\t\t<img decoding=\"async\" width=\"1707\" height=\"2560\" src=\"https:\/\/laroutedupropre.com\/wp-content\/uploads\/2025\/04\/white-pillows-stacked-scaled.jpg\" class=\"attachment-full size-full wp-image-312\" alt=\"\" srcset=\"https:\/\/laroutedupropre.com\/wp-content\/uploads\/2025\/04\/white-pillows-stacked-scaled.jpg 1707w, https:\/\/laroutedupropre.com\/wp-content\/uploads\/2025\/04\/white-pillows-stacked-200x300.jpg 200w, https:\/\/laroutedupropre.com\/wp-content\/uploads\/2025\/04\/white-pillows-stacked-683x1024.jpg 683w, https:\/\/laroutedupropre.com\/wp-content\/uploads\/2025\/04\/white-pillows-stacked-768x1152.jpg 768w, https:\/\/laroutedupropre.com\/wp-content\/uploads\/2025\/04\/white-pillows-stacked-1024x1536.jpg 1024w, https:\/\/laroutedupropre.com\/wp-content\/uploads\/2025\/04\/white-pillows-stacked-1365x2048.jpg 1365w\" sizes=\"(max-width: 1707px) 100vw, 1707px\" \/>\t\t\t\t\t\t\t\t\t\t\t\t\t\t\t<\/div>\n\t\t\t\t<\/div>\n\t\t\t\t<\/div>\n\t\t<div class=\"elementor-element elementor-element-3ffca0b e-con-full e-flex e-con e-child\" data-id=\"3ffca0b\" data-element_type=\"container\">\n\t\t\t\t<div class=\"elementor-element elementor-element-cb9d601 elementor-widget elementor-widget-heading\" data-id=\"cb9d601\" data-element_type=\"widget\" data-widget_type=\"heading.default\">\n\t\t\t\t<div class=\"elementor-widget-container\">\n\t\t\t\t\t<h2 class=\"elementor-heading-title elementor-size-default\">Literie <\/h2>\t\t\t\t<\/div>\n\t\t\t\t<\/div>\n\t\t\t\t<div class=\"elementor-element elementor-element-34ea818 elementor-widget elementor-widget-text-editor\" data-id=\"34ea818\" data-element_type=\"widget\" data-widget_type=\"text-editor.default\">\n\t\t\t\t<div class=\"elementor-widget-container\">\n\t\t\t\t\t\t\t\t\t<p>Un matelas peut contenir des millions d\u2019acariens, des champignons et des allerg\u00e8nes invisibles \u00e0 l\u2019\u0153il nu. Un nettoyage professionnel permet de <strong data-start=\"390\" data-end=\"419\">d\u00e9sinfecter en profondeur<\/strong>, ce qu\u2019un simple aspirateur ne peut pas faire.<\/p><p>Un matelas propre c&rsquo;est un sommeil plus <strong>sain<\/strong> et plus <strong>r\u00e9parateur<\/strong>. Moins d\u2019allergies, moins d\u2019irritations, moins d\u2019odeurs d\u00e9sagr\u00e9ables : tout cela contribue \u00e0 un meilleur <strong>confort<\/strong> nocturne.<\/p>\t\t\t\t\t\t\t\t<\/div>\n\t\t\t\t<\/div>\n\t\t\t\t<div class=\"elementor-element elementor-element-635f7d3 elementor-widget elementor-widget-button\" data-id=\"635f7d3\" data-element_type=\"widget\" data-widget_type=\"button.default\">\n\t\t\t\t<div class=\"elementor-widget-container\">\n\t\t\t\t\t\t\t\t\t<div class=\"elementor-button-wrapper\">\n\t\t\t\t\t<a class=\"elementor-button elementor-button-link elementor-size-sm\" href=\"https:\/\/laroutedupropre.com\/?page_id=330\">\n\t\t\t\t\t\t<span class=\"elementor-button-content-wrapper\">\n\t\t\t\t\t\t\t\t\t<span class=\"elementor-button-text\">D\u00e9couvrir nos tarifs<\/span>\n\t\t\t\t\t<\/span>\n\t\t\t\t\t<\/a>\n\t\t\t\t<\/div>\n\t\t\t\t\t\t\t\t<\/div>\n\t\t\t\t<\/div>\n\t\t\t\t<\/div>\n\t\t\t\t<\/div>\n\t\t\t\t\t<\/div>\n\t\t\t\t<\/div>\n\t\t\t\t<\/div>\n\t\t","protected":false},"excerpt":{"rendered":"<p>Mobilier Faites de votre habitation un lieu agr\u00e9able \u00e0 vivre\u00a0 Canap\u00e9 Les canap\u00e9s accumulent poussi\u00e8res, acariens, taches, odeurs, poils d\u2019animaux, [&hellip;]<\/p>\n","protected":false},"author":1,"featured_media":0,"parent":0,"menu_order":0,"comment_status":"closed","ping_status":"closed","template":"","meta":{"site-sidebar-layout":"no-sidebar","site-content-layout":"","ast-site-content-layout":"full-width-container","site-content-style":"default","site-sidebar-style":"default","ast-global-header-display":"","ast-banner-title-visibility":"","ast-main-header-display":"","ast-hfb-above-header-display":"","ast-hfb-below-header-display":"","ast-hfb-mobile-header-display":"","site-post-title":"disabled","ast-breadcrumbs-content":"","ast-featured-img":"disabled","footer-sml-layout":"","theme-transparent-header-meta":"","adv-header-id-meta":"","stick-header-meta":"","header-above-stick-meta":"","header-main-stick-meta":"","header-below-stick-meta":"","astra-migrate-meta-layouts":"default","ast-page-background-enabled":"default","ast-page-background-meta":{"desktop":{"background-color":"var(--ast-global-color-4)","background-image":"","background-repeat":"repeat","background-position":"center center","background-size":"auto","background-attachment":"scroll","background-type":"","background-media":"","overlay-type":"","overlay-color":"","overlay-opacity":"","overlay-gradient":""},"tablet":{"background-color":"","background-image":"","background-repeat":"repeat","background-position":"center center","background-size":"auto","background-attachment":"scroll","background-type":"","background-media":"","overlay-type":"","overlay-color":"","overlay-opacity":"","overlay-gradient":""},"mobile":{"background-color":"","background-image":"","background-repeat":"repeat","background-position":"center center","background-size":"auto","background-attachment":"scroll","background-type":"","background-media":"","overlay-type":"","overlay-color":"","overlay-opacity":"","overlay-gradient":""}},"ast-content-background-meta":{"desktop":{"background-color":"var(--ast-global-color-5)","background-image":"","background-repeat":"repeat","background-position":"center center","background-size":"auto","background-attachment":"scroll","background-type":"","background-media":"","overlay-type":"","overlay-color":"","overlay-opacity":"","overlay-gradient":""},"tablet":{"background-color":"var(--ast-global-color-5)","background-image":"","background-repeat":"repeat","background-position":"center center","background-size":"auto","background-attachment":"scroll","background-type":"","background-media":"","overlay-type":"","overlay-color":"","overlay-opacity":"","overlay-gradient":""},"mobile":{"background-color":"var(--ast-global-color-5)","background-image":"","background-repeat":"repeat","background-position":"center center","background-size":"auto","background-attachment":"scroll","background-type":"","background-media":"","overlay-type":"","overlay-color":"","overlay-opacity":"","overlay-gradient":""}},"footnotes":""},"class_list":["post-307","page","type-page","status-publish","hentry"],"_links":{"self":[{"href":"https:\/\/laroutedupropre.com\/index.php?rest_route=\/wp\/v2\/pages\/307","targetHints":{"allow":["GET"]}}],"collection":[{"href":"https:\/\/laroutedupropre.com\/index.php?rest_route=\/wp\/v2\/pages"}],"about":[{"href":"https:\/\/laroutedupropre.com\/index.php?rest_route=\/wp\/v2\/types\/page"}],"author":[{"embeddable":true,"href":"https:\/\/laroutedupropre.com\/index.php?rest_route=\/wp\/v2\/users\/1"}],"replies":[{"embeddable":true,"href":"https:\/\/laroutedupropre.com\/index.php?rest_route=%2Fwp%2Fv2%2Fcomments&post=307"}],"version-history":[{"count":13,"href":"https:\/\/laroutedupropre.com\/index.php?rest_route=\/wp\/v2\/pages\/307\/revisions"}],"predecessor-version":[{"id":424,"href":"https:\/\/laroutedupropre.com\/index.php?rest_route=\/wp\/v2\/pages\/307\/revisions\/424"}],"wp:attachment":[{"href":"https:\/\/laroutedupropre.com\/index.php?rest_route=%2Fwp%2Fv2%2Fmedia&parent=307"}],"curies":[{"name":"wp","href":"https:\/\/api.w.org\/{rel}","templated":true}]}}