{"id":59,"date":"2025-04-15T06:13:23","date_gmt":"2025-04-15T06:13:23","guid":{"rendered":"https:\/\/laroutedupropre.com\/?page_id=59"},"modified":"2025-04-29T09:24:54","modified_gmt":"2025-04-29T09:24:54","slug":"nos-formules-interieur","status":"publish","type":"page","link":"https:\/\/laroutedupropre.com\/?page_id=59","title":{"rendered":"Formules auto"},"content":{"rendered":"\t\t<div data-elementor-type=\"wp-page\" data-elementor-id=\"59\" class=\"elementor elementor-59\">\n\t\t\t\t<div class=\"elementor-element elementor-element-c1eb0e7 e-flex e-con-boxed e-con e-parent\" data-id=\"c1eb0e7\" data-element_type=\"container\">\n\t\t\t\t\t<div class=\"e-con-inner\">\n\t\t<div class=\"elementor-element elementor-element-9fcc012 e-con-full e-flex e-con e-child\" data-id=\"9fcc012\" data-element_type=\"container\">\n\t\t<div class=\"elementor-element elementor-element-9e09ff8 e-con-full e-flex e-con e-child\" data-id=\"9e09ff8\" data-element_type=\"container\">\n\t\t\t\t<div class=\"elementor-element elementor-element-aa3fe55 elementor-widget elementor-widget-image\" data-id=\"aa3fe55\" data-element_type=\"widget\" data-widget_type=\"image.default\">\n\t\t\t\t<div class=\"elementor-widget-container\">\n\t\t\t\t\t\t\t\t\t\t\t\t\t\t\t<img fetchpriority=\"high\" decoding=\"async\" width=\"1707\" height=\"2560\" src=\"https:\/\/laroutedupropre.com\/wp-content\/uploads\/2025\/04\/beautiful-car-interior-clean-up-service-scaled.jpg\" class=\"attachment-full size-full wp-image-47\" alt=\"\" srcset=\"https:\/\/laroutedupropre.com\/wp-content\/uploads\/2025\/04\/beautiful-car-interior-clean-up-service-scaled.jpg 1707w, https:\/\/laroutedupropre.com\/wp-content\/uploads\/2025\/04\/beautiful-car-interior-clean-up-service-200x300.jpg 200w, https:\/\/laroutedupropre.com\/wp-content\/uploads\/2025\/04\/beautiful-car-interior-clean-up-service-683x1024.jpg 683w, https:\/\/laroutedupropre.com\/wp-content\/uploads\/2025\/04\/beautiful-car-interior-clean-up-service-768x1152.jpg 768w, https:\/\/laroutedupropre.com\/wp-content\/uploads\/2025\/04\/beautiful-car-interior-clean-up-service-1024x1536.jpg 1024w, https:\/\/laroutedupropre.com\/wp-content\/uploads\/2025\/04\/beautiful-car-interior-clean-up-service-1365x2048.jpg 1365w\" sizes=\"(max-width: 1707px) 100vw, 1707px\" \/>\t\t\t\t\t\t\t\t\t\t\t\t\t\t\t<\/div>\n\t\t\t\t<\/div>\n\t\t\t\t<\/div>\n\t\t<div class=\"elementor-element elementor-element-bbba011 e-con-full e-flex e-con e-child\" data-id=\"bbba011\" data-element_type=\"container\">\n\t\t\t\t<div class=\"elementor-element elementor-element-a9585f7 elementor-widget elementor-widget-heading\" data-id=\"a9585f7\" data-element_type=\"widget\" data-widget_type=\"heading.default\">\n\t\t\t\t<div class=\"elementor-widget-container\">\n\t\t\t\t\t<h2 class=\"elementor-heading-title elementor-size-default\">Formule essentielle <\/h2>\t\t\t\t<\/div>\n\t\t\t\t<\/div>\n\t\t\t\t<div class=\"elementor-element elementor-element-d2f3638 elementor-widget elementor-widget-text-editor\" data-id=\"d2f3638\" data-element_type=\"widget\" data-widget_type=\"text-editor.default\">\n\t\t\t\t<div class=\"elementor-widget-container\">\n\t\t\t\t\t\t\t\t\t<p>La formule basique est id\u00e9al pour un entretien r\u00e9gulier de votre int\u00e9rieur. Cette formule vous permet de conserver un v\u00e9hicule propre \u00e0 chaque instant.\u00a0<\/p><ul><li>Aspiration totale de l&rsquo;habitacle, des si\u00e8ges et des tapis\u00a0<\/li><li>Aspiration du coffre<\/li><li>Nettoyage des plastiques\u00a0<\/li><li>Nettoyage du tableau de bord<\/li><li>Vitres int\u00e9rieur\u00a0<\/li><\/ul>\t\t\t\t\t\t\t\t<\/div>\n\t\t\t\t<\/div>\n\t\t\t\t<div class=\"elementor-element elementor-element-6f09ee2 elementor-widget elementor-widget-button\" data-id=\"6f09ee2\" data-element_type=\"widget\" data-widget_type=\"button.default\">\n\t\t\t\t<div class=\"elementor-widget-container\">\n\t\t\t\t\t\t\t\t\t<div class=\"elementor-button-wrapper\">\n\t\t\t\t\t<a class=\"elementor-button elementor-button-link elementor-size-sm\" href=\"https:\/\/laroutedupropre.com\/?page_id=103\">\n\t\t\t\t\t\t<span class=\"elementor-button-content-wrapper\">\n\t\t\t\t\t\t\t\t\t<span class=\"elementor-button-text\">D\u00e9couvrer nos tarifs <\/span>\n\t\t\t\t\t<\/span>\n\t\t\t\t\t<\/a>\n\t\t\t\t<\/div>\n\t\t\t\t\t\t\t\t<\/div>\n\t\t\t\t<\/div>\n\t\t\t\t<\/div>\n\t\t\t\t<\/div>\n\t\t<div class=\"elementor-element elementor-element-c70be6f e-con-full e-flex e-con e-child\" data-id=\"c70be6f\" data-element_type=\"container\">\n\t\t<div class=\"elementor-element elementor-element-79f9c1a e-con-full e-flex e-con e-child\" data-id=\"79f9c1a\" data-element_type=\"container\">\n\t\t\t\t<div class=\"elementor-element elementor-element-ec48a4a elementor-widget elementor-widget-image\" data-id=\"ec48a4a\" data-element_type=\"widget\" data-widget_type=\"image.default\">\n\t\t\t\t<div class=\"elementor-widget-container\">\n\t\t\t\t\t\t\t\t\t\t\t\t\t\t\t<img decoding=\"async\" width=\"2560\" height=\"1706\" src=\"https:\/\/laroutedupropre.com\/wp-content\/uploads\/2025\/04\/car-wash-detailing-station-scaled.jpg\" class=\"attachment-full size-full wp-image-48\" alt=\"\" srcset=\"https:\/\/laroutedupropre.com\/wp-content\/uploads\/2025\/04\/car-wash-detailing-station-scaled.jpg 2560w, https:\/\/laroutedupropre.com\/wp-content\/uploads\/2025\/04\/car-wash-detailing-station-300x200.jpg 300w, https:\/\/laroutedupropre.com\/wp-content\/uploads\/2025\/04\/car-wash-detailing-station-1024x683.jpg 1024w, https:\/\/laroutedupropre.com\/wp-content\/uploads\/2025\/04\/car-wash-detailing-station-768x512.jpg 768w, https:\/\/laroutedupropre.com\/wp-content\/uploads\/2025\/04\/car-wash-detailing-station-1536x1024.jpg 1536w, https:\/\/laroutedupropre.com\/wp-content\/uploads\/2025\/04\/car-wash-detailing-station-2048x1365.jpg 2048w\" sizes=\"(max-width: 2560px) 100vw, 2560px\" \/>\t\t\t\t\t\t\t\t\t\t\t\t\t\t\t<\/div>\n\t\t\t\t<\/div>\n\t\t\t\t<\/div>\n\t\t<div class=\"elementor-element elementor-element-604183e e-con-full e-flex e-con e-child\" data-id=\"604183e\" data-element_type=\"container\">\n\t\t\t\t<div class=\"elementor-element elementor-element-104a353 elementor-widget elementor-widget-heading\" data-id=\"104a353\" data-element_type=\"widget\" data-widget_type=\"heading.default\">\n\t\t\t\t<div class=\"elementor-widget-container\">\n\t\t\t\t\t<h2 class=\"elementor-heading-title elementor-size-default\">Formule confort<\/h2>\t\t\t\t<\/div>\n\t\t\t\t<\/div>\n\t\t\t\t<div class=\"elementor-element elementor-element-2eb204b elementor-widget elementor-widget-text-editor\" data-id=\"2eb204b\" data-element_type=\"widget\" data-widget_type=\"text-editor.default\">\n\t\t\t\t<div class=\"elementor-widget-container\">\n\t\t\t\t\t\t\t\t\t<p>La formule compl\u00e8te vous garanti un int\u00e9rieur comme neuf, gr\u00e2ce au pressing des si\u00e8ges et des tapis votre int\u00e9rieur retrouvera son aspect neuf.<\/p><ul><li>Aspiration de l&rsquo;habitacle, des tapis et des si\u00e8ges\u00a0<\/li><li>Aspiration du coffre<\/li><li>Nettoyage du tableau de bord\/des plastiques<\/li><li>Entretien si\u00e8ges cuir\u00a0<\/li><li>Pressing des si\u00e8ges avant\/arri\u00e8re\u00a0<\/li><li>Pressing des tapis de sol et du coffre\u00a0<\/li><li>Nettoyage des vitres int\u00e9rieur<\/li><\/ul>\t\t\t\t\t\t\t\t<\/div>\n\t\t\t\t<\/div>\n\t\t\t\t<div class=\"elementor-element elementor-element-47794cf elementor-widget elementor-widget-button\" data-id=\"47794cf\" data-element_type=\"widget\" data-widget_type=\"button.default\">\n\t\t\t\t<div class=\"elementor-widget-container\">\n\t\t\t\t\t\t\t\t\t<div class=\"elementor-button-wrapper\">\n\t\t\t\t\t<a class=\"elementor-button elementor-button-link elementor-size-sm\" href=\"https:\/\/laroutedupropre.com\/?page_id=103\">\n\t\t\t\t\t\t<span class=\"elementor-button-content-wrapper\">\n\t\t\t\t\t\t\t\t\t<span class=\"elementor-button-text\">D\u00e9couvrer nos tarifs<\/span>\n\t\t\t\t\t<\/span>\n\t\t\t\t\t<\/a>\n\t\t\t\t<\/div>\n\t\t\t\t\t\t\t\t<\/div>\n\t\t\t\t<\/div>\n\t\t\t\t<\/div>\n\t\t\t\t<\/div>\n\t\t<div class=\"elementor-element elementor-element-8e8e93c e-con-full e-flex e-con e-child\" data-id=\"8e8e93c\" data-element_type=\"container\">\n\t\t<div class=\"elementor-element elementor-element-03e65d9 e-con-full e-flex e-con e-child\" data-id=\"03e65d9\" data-element_type=\"container\">\n\t\t\t\t<div class=\"elementor-element elementor-element-633971d elementor-widget elementor-widget-image\" data-id=\"633971d\" data-element_type=\"widget\" data-widget_type=\"image.default\">\n\t\t\t\t<div class=\"elementor-widget-container\">\n\t\t\t\t\t\t\t\t\t\t\t\t\t\t\t<img decoding=\"async\" width=\"2560\" height=\"1707\" src=\"https:\/\/laroutedupropre.com\/wp-content\/uploads\/2025\/04\/black-interior-details-modern-luxury-car-1-scaled.jpg\" class=\"attachment-full size-full wp-image-46\" alt=\"\" srcset=\"https:\/\/laroutedupropre.com\/wp-content\/uploads\/2025\/04\/black-interior-details-modern-luxury-car-1-scaled.jpg 2560w, https:\/\/laroutedupropre.com\/wp-content\/uploads\/2025\/04\/black-interior-details-modern-luxury-car-1-300x200.jpg 300w, https:\/\/laroutedupropre.com\/wp-content\/uploads\/2025\/04\/black-interior-details-modern-luxury-car-1-1024x683.jpg 1024w, https:\/\/laroutedupropre.com\/wp-content\/uploads\/2025\/04\/black-interior-details-modern-luxury-car-1-768x512.jpg 768w, https:\/\/laroutedupropre.com\/wp-content\/uploads\/2025\/04\/black-interior-details-modern-luxury-car-1-1536x1024.jpg 1536w, https:\/\/laroutedupropre.com\/wp-content\/uploads\/2025\/04\/black-interior-details-modern-luxury-car-1-2048x1365.jpg 2048w\" sizes=\"(max-width: 2560px) 100vw, 2560px\" \/>\t\t\t\t\t\t\t\t\t\t\t\t\t\t\t<\/div>\n\t\t\t\t<\/div>\n\t\t\t\t<\/div>\n\t\t<div class=\"elementor-element elementor-element-3b4be2b e-con-full e-flex e-con e-child\" data-id=\"3b4be2b\" data-element_type=\"container\">\n\t\t\t\t<div class=\"elementor-element elementor-element-80c753b elementor-widget elementor-widget-heading\" data-id=\"80c753b\" data-element_type=\"widget\" data-widget_type=\"heading.default\">\n\t\t\t\t<div class=\"elementor-widget-container\">\n\t\t\t\t\t<h2 class=\"elementor-heading-title elementor-size-default\">Formule excellence<\/h2>\t\t\t\t<\/div>\n\t\t\t\t<\/div>\n\t\t\t\t<div class=\"elementor-element elementor-element-c2ea2cf elementor-widget elementor-widget-text-editor\" data-id=\"c2ea2cf\" data-element_type=\"widget\" data-widget_type=\"text-editor.default\">\n\t\t\t\t<div class=\"elementor-widget-container\">\n\t\t\t\t\t\t\t\t\t<p>La formule premium vous permet de b\u00e9n\u00e9ficier d&rsquo;un nettoyage optimal\u00a0<\/p><ul><li>Aspiration totale de l&rsquo;habitacle, des si\u00e8ges et des tapis\u00a0<\/li><li>Aspiration du coffre\u00a0<\/li><li>Nettoyage des plastiques\/ entretien si\u00e8ges cuir\u00a0<\/li><li>\u00a0Nettoyage du tableau de bord\u00a0<\/li><li>Pressing des si\u00e8ges avant\/arri\u00e8re\u00a0<\/li><li>Pressing des tapis et du coffre\u00a0<\/li><li>Nettoyage des vitres int\u00e9rieur\/ext\u00e9rieur\u00a0<\/li><li>Nettoyage des battements de porte\u00a0<\/li><li>Pressing du plafonnier\u00a0<\/li><li>Nettoyage du compartiment de la roue de secours\u00a0<\/li><\/ul>\t\t\t\t\t\t\t\t<\/div>\n\t\t\t\t<\/div>\n\t\t\t\t<div class=\"elementor-element elementor-element-76762e6 elementor-widget elementor-widget-button\" data-id=\"76762e6\" data-element_type=\"widget\" data-widget_type=\"button.default\">\n\t\t\t\t<div class=\"elementor-widget-container\">\n\t\t\t\t\t\t\t\t\t<div class=\"elementor-button-wrapper\">\n\t\t\t\t\t<a class=\"elementor-button elementor-button-link elementor-size-sm\" href=\"https:\/\/laroutedupropre.com\/?page_id=103\">\n\t\t\t\t\t\t<span class=\"elementor-button-content-wrapper\">\n\t\t\t\t\t\t\t\t\t<span class=\"elementor-button-text\">D\u00e9couvrer nos tarifs <\/span>\n\t\t\t\t\t<\/span>\n\t\t\t\t\t<\/a>\n\t\t\t\t<\/div>\n\t\t\t\t\t\t\t\t<\/div>\n\t\t\t\t<\/div>\n\t\t\t\t<\/div>\n\t\t\t\t<\/div>\n\t\t\t\t\t<\/div>\n\t\t\t\t<\/div>\n\t\t\t\t<\/div>\n\t\t","protected":false},"excerpt":{"rendered":"<p>Formule essentielle La formule basique est id\u00e9al pour un entretien r\u00e9gulier de votre int\u00e9rieur. Cette formule vous permet de conserver [&hellip;]<\/p>\n","protected":false},"author":1,"featured_media":0,"parent":0,"menu_order":0,"comment_status":"closed","ping_status":"closed","template":"","meta":{"site-sidebar-layout":"no-sidebar","site-content-layout":"","ast-site-content-layout":"full-width-container","site-content-style":"default","site-sidebar-style":"default","ast-global-header-display":"","ast-banner-title-visibility":"","ast-main-header-display":"","ast-hfb-above-header-display":"","ast-hfb-below-header-display":"","ast-hfb-mobile-header-display":"","site-post-title":"disabled","ast-breadcrumbs-content":"","ast-featured-img":"disabled","footer-sml-layout":"","theme-transparent-header-meta":"","adv-header-id-meta":"","stick-header-meta":"","header-above-stick-meta":"","header-main-stick-meta":"","header-below-stick-meta":"","astra-migrate-meta-layouts":"default","ast-page-background-enabled":"default","ast-page-background-meta":{"desktop":{"background-color":"var(--ast-global-color-4)","background-image":"","background-repeat":"repeat","background-position":"center center","background-size":"auto","background-attachment":"scroll","background-type":"","background-media":"","overlay-type":"","overlay-color":"","overlay-opacity":"","overlay-gradient":""},"tablet":{"background-color":"","background-image":"","background-repeat":"repeat","background-position":"center center","background-size":"auto","background-attachment":"scroll","background-type":"","background-media":"","overlay-type":"","overlay-color":"","overlay-opacity":"","overlay-gradient":""},"mobile":{"background-color":"","background-image":"","background-repeat":"repeat","background-position":"center center","background-size":"auto","background-attachment":"scroll","background-type":"","background-media":"","overlay-type":"","overlay-color":"","overlay-opacity":"","overlay-gradient":""}},"ast-content-background-meta":{"desktop":{"background-color":"var(--ast-global-color-5)","background-image":"","background-repeat":"repeat","background-position":"center center","background-size":"auto","background-attachment":"scroll","background-type":"","background-media":"","overlay-type":"","overlay-color":"","overlay-opacity":"","overlay-gradient":""},"tablet":{"background-color":"var(--ast-global-color-5)","background-image":"","background-repeat":"repeat","background-position":"center center","background-size":"auto","background-attachment":"scroll","background-type":"","background-media":"","overlay-type":"","overlay-color":"","overlay-opacity":"","overlay-gradient":""},"mobile":{"background-color":"var(--ast-global-color-5)","background-image":"","background-repeat":"repeat","background-position":"center center","background-size":"auto","background-attachment":"scroll","background-type":"","background-media":"","overlay-type":"","overlay-color":"","overlay-opacity":"","overlay-gradient":""}},"footnotes":""},"class_list":["post-59","page","type-page","status-publish","hentry"],"_links":{"self":[{"href":"https:\/\/laroutedupropre.com\/index.php?rest_route=\/wp\/v2\/pages\/59","targetHints":{"allow":["GET"]}}],"collection":[{"href":"https:\/\/laroutedupropre.com\/index.php?rest_route=\/wp\/v2\/pages"}],"about":[{"href":"https:\/\/laroutedupropre.com\/index.php?rest_route=\/wp\/v2\/types\/page"}],"author":[{"embeddable":true,"href":"https:\/\/laroutedupropre.com\/index.php?rest_route=\/wp\/v2\/users\/1"}],"replies":[{"embeddable":true,"href":"https:\/\/laroutedupropre.com\/index.php?rest_route=%2Fwp%2Fv2%2Fcomments&post=59"}],"version-history":[{"count":37,"href":"https:\/\/laroutedupropre.com\/index.php?rest_route=\/wp\/v2\/pages\/59\/revisions"}],"predecessor-version":[{"id":421,"href":"https:\/\/laroutedupropre.com\/index.php?rest_route=\/wp\/v2\/pages\/59\/revisions\/421"}],"wp:attachment":[{"href":"https:\/\/laroutedupropre.com\/index.php?rest_route=%2Fwp%2Fv2%2Fmedia&parent=59"}],"curies":[{"name":"wp","href":"https:\/\/api.w.org\/{rel}","templated":true}]}}